{"id":18,"date":"2020-12-28T18:22:00","date_gmt":"2020-12-28T17:22:00","guid":{"rendered":"http:\/\/evang-dornbirn.at\/?page_id=18"},"modified":"2025-11-20T11:16:48","modified_gmt":"2025-11-20T10:16:48","slug":"ueber-uns","status":"publish","type":"page","link":"https:\/\/evang-dornbirn.at\/Startseite\/ueber-uns\/","title":{"rendered":"Kontakt"},"content":{"rendered":"\n<p><strong>Evangelische Pfarrgemeinde A.u.H.B. Dornbirn<\/strong><br>\u26ea Rosenstr. 8a,&nbsp;A-6850 Dornbirn<br><strong>Predigtstation Lustenau<\/strong><br>\u26ea Roseggerstr. 2, A-6890 Lustenau<br><strong>Predigtstation Hohenems<\/strong><br>\u26ea Karl-Borrom\u00e4us-Kapelle (Markt), Sankt-Karl-Stra\u00dfe 3, A-6845 Hohenems<\/p>\n\n\n\n<p><strong>Sekretariat: Marion Reise<\/strong><br>B\u00fcrozeiten: Dienstag und Donnerstag 9.00 \u2013 12.00 Uhr, sowie Mittwoch 14.00 \u2013 17.00 Uhr<br>Tel.: 05572\/22056 oder Mobil: 0699\/18876256 (auch \u00fcber WhatsApp oder Signal)<br>Email:\u00a0<a href=\"mailto:pfarramt@evang-dornbirn.at\" target=\"_blank\" rel=\"noreferrer noopener\">pfarramt@evang-dornbirn.at<\/a><\/p>\n\n\n\n<p><strong>Administrator<\/strong><br><strong>Pfr. i.R. Eberhard Seyboldt<\/strong><br>Mobil: 0049 177 5903788<br>Email:&nbsp;<a href=\"mailto:pfarrer@evang-dornbirn.at\" target=\"_blank\" rel=\"noreferrer noopener\">pfarrer@evang-dornbirn.at<\/a>&nbsp;oder <a href=\"mailto:eberhard.seyboldt@evang-dornbirn.at\">eberhard.seyboldt@evang-dornbirn.at<\/a><\/p>\n\n\n\n<p><strong>Kurator Walter Werner<\/strong><br>Mobil: 0699\/18877058<br>Email:&nbsp;<a href=\"mailto:kurator@evang-dornbirn.at\" target=\"_blank\" rel=\"noreferrer noopener\">kurator@evang-dornbirn.at<\/a><\/p>\n\n\n\n<p><strong><mark style=\"background-color:rgba(0, 0, 0, 0)\" class=\"has-inline-color has-light-gray-color\">Vermietung der R\u00e4ume im Gemeindezentrum<\/mark><\/strong><br><strong>Verein Evang. Gemeindezentrum<\/strong>, Rosenstr. 8a, A-6850 Dornbirn<br>Mobil: 0699\/18877087, 0699\/18877069<br>Email: <a href=\"mailto:office@hausderbegegnung-dornbirn.at\">office@hausderbegegnung-dornbirn.at<\/a><\/p>\n\n\n\n<p><strong>K\u00fcster:<\/strong> bitte wenden sie sich an das Sekretariat (T 05572 22056)<\/p>\n\n\n\n<p>Wenn sie vom <mark style=\"background-color:rgba(0, 0, 0, 0)\" class=\"has-inline-color has-black-color\"><strong>Besuchsdienst<\/strong><\/mark> angerufen werden wollen, wenden sie sich bitte an Peter Pfenning (Mobil: 0664 2200965, Email: <mark style=\"background-color:rgba(0, 0, 0, 0)\" class=\"has-inline-color has-black-color\"><a href=\"mailto:peter.pfenning@gmx.at\">peter.pfenning@gmx.at<\/a><\/mark>)<\/p>\n\n\n\n<p><strong>WIR HELFEN wenn sie Unterst\u00fctzung brauchen.<\/strong><\/p>\n\n\n\n<p>Web:&nbsp;<a rel=\"noreferrer noopener\" target=\"_blank\" href=\"http:\/\/www.evangelische-kirche-dornbirn.at\/\">http:\/\/www.evangelische-kirche-dornbirn.at\/<\/a><\/p>\n\n\n\n<p>Evang. Kirche H.B. i.\u00d6.:&nbsp;<a href=\"http:\/\/www.reformiertekirche.at\/\" target=\"_blank\" rel=\"noreferrer noopener\">www.reformiertekirche.at<\/a><\/p>\n","protected":false},"excerpt":{"rendered":"<p>Evangelische Pfarrgemeinde A.u.H.B. Dornbirn\u26ea Rosenstr. 8a,&nbsp;A-6850 DornbirnPredigtstation Lustenau\u26ea Roseggerstr. 2, A-6890 LustenauPredigtstation Hohenems\u26ea Karl-Borrom\u00e4us-Kapelle (Markt), Sankt-Karl-Stra\u00dfe 3, A-6845 Hohenems Sekretariat: Marion ReiseB\u00fcrozeiten: Dienstag und Donnerstag 9.00 \u2013 12.00 Uhr, sowie Mittwoch 14.00 \u2013 17.00 UhrTel.: 05572\/22056 oder Mobil: 0699\/18876256 (auch \u00fcber WhatsApp oder Signal)Email:\u00a0pfarramt@evang-dornbirn.at AdministratorPfr. i.R. Eberhard SeyboldtMobil: 0049 177 5903788Email:&nbsp;pfarrer@evang-dornbirn.at&nbsp;oder eberhard.seyboldt@evang-dornbirn.at Kurator Walter WernerMobil: [&hellip;]<\/p>\n","protected":false},"author":1,"featured_media":0,"parent":0,"menu_order":0,"comment_status":"closed","ping_status":"closed","template":"","meta":{"footnotes":""},"class_list":["post-18","page","type-page","status-publish","hentry"],"_links":{"self":[{"href":"https:\/\/evang-dornbirn.at\/Startseite\/wp-json\/wp\/v2\/pages\/18","targetHints":{"allow":["GET"]}}],"collection":[{"href":"https:\/\/evang-dornbirn.at\/Startseite\/wp-json\/wp\/v2\/pages"}],"about":[{"href":"https:\/\/evang-dornbirn.at\/Startseite\/wp-json\/wp\/v2\/types\/page"}],"author":[{"embeddable":true,"href":"https:\/\/evang-dornbirn.at\/Startseite\/wp-json\/wp\/v2\/users\/1"}],"replies":[{"embeddable":true,"href":"https:\/\/evang-dornbirn.at\/Startseite\/wp-json\/wp\/v2\/comments?post=18"}],"version-history":[{"count":8,"href":"https:\/\/evang-dornbirn.at\/Startseite\/wp-json\/wp\/v2\/pages\/18\/revisions"}],"predecessor-version":[{"id":448,"href":"https:\/\/evang-dornbirn.at\/Startseite\/wp-json\/wp\/v2\/pages\/18\/revisions\/448"}],"wp:attachment":[{"href":"https:\/\/evang-dornbirn.at\/Startseite\/wp-json\/wp\/v2\/media?parent=18"}],"curies":[{"name":"wp","href":"https:\/\/api.w.org\/{rel}","templated":true}]}}