{"id":17,"date":"2020-12-28T18:22:00","date_gmt":"2020-12-28T17:22:00","guid":{"rendered":"http:\/\/evang-dornbirn.at\/?page_id=17"},"modified":"2026-04-05T16:03:20","modified_gmt":"2026-04-05T14:03:20","slug":"startseite","status":"publish","type":"page","link":"https:\/\/evang-dornbirn.at\/Startseite\/","title":{"rendered":"Evangelische Pfarrgemeinde Dornbirn"},"content":{"rendered":"\n<p>A.u.H.B. Dornbirn mit den Predigtstellen Lustenau und Hohenems<\/p>\n\n\n\n<h5 class=\"wp-block-heading\"><strong><mark style=\"background-color:rgba(0, 0, 0, 0);color:#0693e3\" class=\"has-inline-color\">Unsere kommenden Gottesdienste:<\/mark><\/strong><\/h5>\n\n\n\n<ul class=\"wp-block-list\">\n<li><strong>in Dornbirn:<\/strong> <mark style=\"background-color:rgba(0, 0, 0, 0)\" class=\"has-inline-color has-contrast-color\">am 12.04. um <\/mark>10 Uhr mit Pfr. Wolfgang Olschbaur<img loading=\"lazy\" decoding=\"async\" width=\"25\" height=\"25\" class=\"wp-image-359\" style=\"width: 25px;\" src=\"https:\/\/evang-dornbirn.at\/wp-content\/uploads\/2025\/10\/Designer.png\" alt=\"\"> <br>\u26ea <em>Heilandskirche in der Rosenstra\u00dfe 8<\/em><\/li>\n\n\n\n<li><mark style=\"background-color:rgba(0, 0, 0, 0)\" class=\"has-inline-color has-contrast-color\"><strong>in Lustenau:<\/strong> am 12.04. um <\/mark>10 Uhr mit Pfr. Rich\u00e1rd L\u00e1szlo K\u00e1das<img loading=\"lazy\" decoding=\"async\" width=\"25\" height=\"25\" class=\"wp-image-359\" style=\"width: 25px;\" src=\"https:\/\/evang-dornbirn.at\/wp-content\/uploads\/2025\/10\/Designer.png\" alt=\"\"><br>\u26ea <em>Roseggerstr. 2; gut erreichbar <\/em>\ud83d\ude8f <em>mit dem Landbus 160, 161 aus Dornbirn<\/em><br><\/li>\n\n\n\n<li><strong><mark style=\"background-color:rgba(0, 0, 0, 0)\" class=\"has-inline-color has-contrast-color\">in Hohenems:<\/mark><\/strong><mark style=\"background-color:rgba(0, 0, 0, 0)\" class=\"has-inline-color has-contrast-color\"> erstmals nichts geplant<\/mark><br>\u26ea <em>Karlskapelle, Karlstr. Ecke Bahnhofstr., 600m von<\/em> <em>Bhf. Hohenems entfernt<\/em><br><\/li>\n<\/ul>\n\n\n\n<p>. . . . . . . . . . . . . . . . . . . . . . . . . . . . . . . . . . . . . .<\/p>\n\n\n\n<div class=\"wp-block-query is-layout-flow wp-block-query-is-layout-flow\">\n<h5 class=\"wp-block-heading\" style=\"font-size:clamp(14.642px, 0.915rem + ((1vw - 3.2px) * 0.836), 22px);\"><mark style=\"background-color:rgba(0, 0, 0, 0)\" class=\"has-inline-color has-secondary-color\"><strong>Kommende Veranstaltungen in unserer Gemeinde:<\/strong><\/mark><\/h5>\n\n\n\n<div class=\"wp-block-media-text is-stacked-on-mobile\"><figure class=\"wp-block-media-text__media\"><a href=\"https:\/\/ww2.evang-dornbirn.at\/keiner-fruehstueckt-gerne-allein\/\"><img loading=\"lazy\" decoding=\"async\" width=\"1024\" height=\"768\" src=\"https:\/\/evang-dornbirn.at\/wp-content\/uploads\/2025\/09\/img_20240324_1059551-1-1024x768.jpg\" alt=\"\" class=\"wp-image-151 size-full\" srcset=\"https:\/\/evang-dornbirn.at\/wp-content\/uploads\/2025\/09\/img_20240324_1059551-1-1024x768.jpg 1024w, https:\/\/evang-dornbirn.at\/wp-content\/uploads\/2025\/09\/img_20240324_1059551-1-300x225.jpg 300w, https:\/\/evang-dornbirn.at\/wp-content\/uploads\/2025\/09\/img_20240324_1059551-1-768x576.jpg 768w, https:\/\/evang-dornbirn.at\/wp-content\/uploads\/2025\/09\/img_20240324_1059551-1-1536x1152.jpg 1536w, https:\/\/evang-dornbirn.at\/wp-content\/uploads\/2025\/09\/img_20240324_1059551-1-2048x1536.jpg 2048w\" sizes=\"auto, (max-width: 1024px) 100vw, 1024px\" \/><\/a><\/figure><div class=\"wp-block-media-text__content\">\n<p><strong><strong>Keiner fr\u00fchst\u00fcckt gerne allein<\/strong><\/strong><\/p>\n\n\n\n<p>Auch nicht am Dienstag, den 14. April ab 9 Uhr. <a href=\"https:\/\/ww2.evang-dornbirn.at\/keiner-fruehstueckt-gerne-allein\/\" data-type=\"post\" data-id=\"132\">Mehr dazu<\/a><\/p>\n<\/div><\/div>\n\n\n\n<div class=\"wp-block-media-text is-stacked-on-mobile\"><figure class=\"wp-block-media-text__media\"><a href=\"https:\/\/ww2.evang-dornbirn.at\/cafe-arcade\/\"><img loading=\"lazy\" decoding=\"async\" width=\"1024\" height=\"683\" src=\"https:\/\/evang-dornbirn.at\/wp-content\/uploads\/2025\/09\/img_5459-1-1024x683.jpg\" alt=\"\" class=\"wp-image-157 size-full\" srcset=\"https:\/\/evang-dornbirn.at\/wp-content\/uploads\/2025\/09\/img_5459-1-1024x683.jpg 1024w, https:\/\/evang-dornbirn.at\/wp-content\/uploads\/2025\/09\/img_5459-1-300x200.jpg 300w, https:\/\/evang-dornbirn.at\/wp-content\/uploads\/2025\/09\/img_5459-1-768x512.jpg 768w, https:\/\/evang-dornbirn.at\/wp-content\/uploads\/2025\/09\/img_5459-1-1536x1024.jpg 1536w, https:\/\/evang-dornbirn.at\/wp-content\/uploads\/2025\/09\/img_5459-1-2048x1365.jpg 2048w\" sizes=\"auto, (max-width: 1024px) 100vw, 1024px\" \/><\/a><\/figure><div class=\"wp-block-media-text__content\">\n<p><strong><strong>Caf\u00e9 ARKADE<\/strong><\/strong><\/p>\n\n\n\n<p>Ein gem\u00fctliches Beisammensein unter den Arkaden. Am Mittwoch, den 15. April ab 15 Uhr. <a href=\"https:\/\/ww2.evang-dornbirn.at\/cafe-arcade\/\" data-type=\"post\" data-id=\"134\">Mehr dazu<\/a><\/p>\n<\/div><\/div>\n\n\n\n<div class=\"wp-block-media-text is-stacked-on-mobile\"><figure class=\"wp-block-media-text__media\"><a href=\"https:\/\/ww2.evang-dornbirn.at\/und-was-glaubst-du-reden-wir-darueber\/\"><img loading=\"lazy\" decoding=\"async\" width=\"1024\" height=\"797\" src=\"https:\/\/evang-dornbirn.at\/wp-content\/uploads\/2025\/09\/bibeln-1-1-3-1024x797.jpg\" alt=\"\" class=\"wp-image-162 size-full\" srcset=\"https:\/\/evang-dornbirn.at\/wp-content\/uploads\/2025\/09\/bibeln-1-1-3-1024x797.jpg 1024w, https:\/\/evang-dornbirn.at\/wp-content\/uploads\/2025\/09\/bibeln-1-1-3-300x233.jpg 300w, https:\/\/evang-dornbirn.at\/wp-content\/uploads\/2025\/09\/bibeln-1-1-3-768x598.jpg 768w, https:\/\/evang-dornbirn.at\/wp-content\/uploads\/2025\/09\/bibeln-1-1-3-1536x1195.jpg 1536w, https:\/\/evang-dornbirn.at\/wp-content\/uploads\/2025\/09\/bibeln-1-1-3-2048x1594.jpg 2048w\" sizes=\"auto, (max-width: 1024px) 100vw, 1024px\" \/><\/a><\/figure><div class=\"wp-block-media-text__content\">\n<p><strong>Bibelgespr\u00e4ch<\/strong><\/p>\n\n\n\n<p>Und was glaubst Du? Reden wir dar\u00fcber! Am Dienstag, den 28. April ab 18:30 Uhr. <a href=\"https:\/\/ww2.evang-dornbirn.at\/und-was-glaubst-du-reden-wir-darueber\/\" data-type=\"post\" data-id=\"138\">Mehr dazu<\/a><\/p>\n<\/div><\/div>\n\n\n\n<div class=\"wp-block-media-text is-stacked-on-mobile\"><figure class=\"wp-block-media-text__media\"><a href=\"https:\/\/ww2.evang-dornbirn.at\/wir-laden-ein-zum-familiengottesdienst\/\"><img loading=\"lazy\" decoding=\"async\" width=\"246\" height=\"177\" src=\"https:\/\/evang-dornbirn.at\/wp-content\/uploads\/2025\/09\/familie.jpg\" alt=\"\" class=\"wp-image-253 size-full\"\/><\/a><\/figure><div class=\"wp-block-media-text__content\">\n<p><strong><strong><mark style=\"background-color:rgba(0, 0, 0, 0);color:#ff6900\" class=\"has-inline-color\">Familien<\/mark><mark style=\"background-color:rgba(0, 0, 0, 0);color:#00d084\" class=\"has-inline-color\">gottes<\/mark><mark style=\"background-color:rgba(0, 0, 0, 0);color:#9b51e0\" class=\"has-inline-color\">dienst<\/mark><\/strong><\/strong><\/p>\n\n\n\n<p>Fr\u00f6hlich und Kindergerecht zugleich. <br>Am Sonntag, den 3. Mai <br>ab 10 Uhr. <a href=\"https:\/\/ww2.evang-dornbirn.at\/wir-laden-ein-zum-familiengottesdienst\/\" data-type=\"post\" data-id=\"132\">Mehr dazu<\/a><\/p>\n<\/div><\/div>\n\n\n\n<div class=\"wp-block-media-text is-stacked-on-mobile\"><figure class=\"wp-block-media-text__media\"><a href=\"https:\/\/ww2.evang-dornbirn.at\/seniorennachmittag\/\"><img loading=\"lazy\" decoding=\"async\" width=\"1024\" height=\"768\" src=\"https:\/\/evang-dornbirn.at\/wp-content\/uploads\/2025\/09\/senioren-nachmittag-1024x768.jpg\" alt=\"\" class=\"wp-image-283 size-full\" srcset=\"https:\/\/evang-dornbirn.at\/wp-content\/uploads\/2025\/09\/senioren-nachmittag-1024x768.jpg 1024w, https:\/\/evang-dornbirn.at\/wp-content\/uploads\/2025\/09\/senioren-nachmittag-300x225.jpg 300w, https:\/\/evang-dornbirn.at\/wp-content\/uploads\/2025\/09\/senioren-nachmittag-768x576.jpg 768w, https:\/\/evang-dornbirn.at\/wp-content\/uploads\/2025\/09\/senioren-nachmittag-1536x1152.jpg 1536w, https:\/\/evang-dornbirn.at\/wp-content\/uploads\/2025\/09\/senioren-nachmittag.jpg 2048w\" sizes=\"auto, (max-width: 1024px) 100vw, 1024px\" \/><\/a><\/figure><div class=\"wp-block-media-text__content\">\n<p><strong><strong>Seniorennachmittag<\/strong><\/strong><\/p>\n\n\n\n<p>Spannende Themen und inspirierende Referent:innen. Auch am Mittwoch, den 6. Mai ab 14:30 Uhr. <a href=\"https:\/\/ww2.evang-dornbirn.at\/seniorennachmittag\/\" data-type=\"post\" data-id=\"130\">Mehr dazu<\/a><\/p>\n<\/div><\/div>\n<\/div>\n\n\n\n<p>. . . . . . . . . . . . . . . . . . . . . . . . . . . . . . . . . . . . . .<\/p>\n\n\n\n<div class=\"wp-block-columns is-layout-flex wp-container-core-columns-is-layout-28f84493 wp-block-columns-is-layout-flex\">\n<div class=\"wp-block-column is-layout-flow wp-block-column-is-layout-flow\" style=\"flex-basis:81%\">\n<h5 class=\"wp-block-heading\"><strong><mark style=\"background-color:rgba(0, 0, 0, 0);color:#0693e3\" class=\"has-inline-color\">Aktueller Gemeindebrief der Pfarrgemeinden Dornbirn und Feldkirch <\/mark><\/strong><\/h5>\n\n\n\n<p>Den aktuellen <strong><a href=\"https:\/\/evang-dornbirn.at\/wp-content\/uploads\/2026\/02\/GemBrief_1-26_web.pdf\"><mark style=\"background-color:rgba(0, 0, 0, 0);color:#0693e3\" class=\"has-inline-color\">Gemeindebrief \u201eevangelisch\u201c<\/mark><\/a><\/strong> mit allen derzeitigen Terminen und Informationen finden Sie <a href=\"https:\/\/evang-dornbirn.at\/wp-content\/uploads\/2026\/02\/GemBrief_1-26_web.pdf\">hier<\/a>.<\/p>\n<\/div>\n\n\n\n<div class=\"wp-block-column is-layout-flow wp-block-column-is-layout-flow\" style=\"flex-basis:19%\">\n<figure class=\"wp-block-image size-full\"><a href=\"https:\/\/evang-dornbirn.at\/wp-content\/uploads\/2026\/02\/GemBrief_1-26_web.pdf\"><img loading=\"lazy\" decoding=\"async\" width=\"589\" height=\"835\" src=\"https:\/\/evang-dornbirn.at\/wp-content\/uploads\/2026\/02\/GemBrief_1-26.png\" alt=\"\" class=\"wp-image-556\" srcset=\"https:\/\/evang-dornbirn.at\/wp-content\/uploads\/2026\/02\/GemBrief_1-26.png 589w, https:\/\/evang-dornbirn.at\/wp-content\/uploads\/2026\/02\/GemBrief_1-26-212x300.png 212w\" sizes=\"auto, (max-width: 589px) 100vw, 589px\" \/><\/a><\/figure>\n<\/div>\n<\/div>\n\n\n\n<p>. . . . . . . . . . . . . . . . . . . . . . . . . . . . . . . . . . . . . .<\/p>\n\n\n\n<h5 class=\"wp-block-heading\"><mark style=\"background-color:rgba(0, 0, 0, 0);color:#cf2e2e\" class=\"has-inline-color\">Weiterf\u00fchrende Informationen:<\/mark><\/h5>\n\n\n\n<details class=\"wp-block-details is-layout-flow wp-block-details-is-layout-flow\"><summary>Organisation<\/summary>\n<p><a href=\"https:\/\/ww2.evang-dornbirn.at\/organisation\/\">Hier gibt es Informationen \u00fcber Gemeindevertretung, Presbyterium, Aussch\u00fcsse und Kreise in unserer Gemeinde.<\/a><\/p>\n<\/details>\n\n\n\n<details class=\"wp-block-details is-layout-flow wp-block-details-is-layout-flow\"><summary>Unsere Kirche<\/summary>\n<p><a href=\"https:\/\/ww2.evang-dornbirn.at\/\">Hier finden sie Eckdaten der evangelischen Pfarrgemeinde A. u. H. B. Dornbirn.<\/a><\/p>\n<\/details>\n\n\n\n<details class=\"wp-block-details is-layout-flow wp-block-details-is-layout-flow\"><summary>Haus der Begegnung &amp; Vermietungen der R\u00e4ume im Gemeindezentrum<\/summary>\n<p><a href=\"https:\/\/ww2.evang-dornbirn.at\/haus-der-begegnung\/\">Unser&nbsp;Gemeindezentrum &#8218;Haus der Begegnung&#8216;&nbsp;bietet ausgezeichnete M\u00f6glichkeiten f\u00fcr Ihre individuellen Feierlichkeiten. Mehr dazu hier.<\/a><\/p>\n<\/details>\n\n\n\n<details class=\"wp-block-details is-layout-flow wp-block-details-is-layout-flow\"><summary>Projekte die wir stolz unterst\u00fctzen<\/summary>\n<p><a href=\"https:\/\/ww2.evang-dornbirn.at\/projekte\/\">Maya-Kinder in Guatemala erhalten die M\u00f6glichkeit, ihre Sprache und Kultur zu bewahren. Mehr dazu hier.<\/a><\/p>\n<\/details>\n\n\n\n<details class=\"wp-block-details is-layout-flow wp-block-details-is-layout-flow\"><summary>Gustav-Adolf-Verein Zweigverein Vorarlberg<\/summary>\n<p><a href=\"https:\/\/ww2.evang-dornbirn.at\/gustav-adolf-verein-zweigverein-vorarlberg\/\">Auch Dornbirn wurde bereits reich \u00fcber GAV unterst\u00fctzt. Mehr \u00fcber die Organisation erfahren Sie hier.<\/a><\/p>\n<\/details>\n\n\n\n<details class=\"wp-block-details is-layout-flow wp-block-details-is-layout-flow\"><summary><strong>Kontakt Informationen<\/strong><\/summary>\n<p><a href=\"https:\/\/ww2.evang-dornbirn.at\/anfragen-aller-art\/\">Hier finden Sie die wichtigste Kontaktinformationen f\u00fcr Anfragen aller Art.<\/a><\/p>\n<\/details>\n\n\n\n<details class=\"wp-block-details is-layout-flow wp-block-details-is-layout-flow\"><summary>Archiv<\/summary>\n<p><a href=\"https:\/\/ww2.evang-dornbirn.at\/archiv\/\">Hier sind alle vergangene Publikationen unserer Pfarrgemeinde.<\/a><\/p>\n<\/details>\n\n\n\n<p>Ben\u00f6tigen Sie weitere Informationen? Bitte kontaktieren Sie uns unter <a href=\"mailto:pfarramt@evang-dornbirn.at\">pfarramt@evang-dornbirn.at<\/a><\/p>\n\n\n\n<p><\/p>\n","protected":false},"excerpt":{"rendered":"<p>A.u.H.B. Dornbirn mit den Predigtstellen Lustenau und Hohenems Unsere kommenden Gottesdienste: . . . . . . . . . . . . . . . . . . . . . . . . . . . . . . . . . . . . . . . . . . . . [&hellip;]<\/p>\n","protected":false},"author":1,"featured_media":391,"parent":0,"menu_order":0,"comment_status":"closed","ping_status":"closed","template":"","meta":{"footnotes":""},"class_list":["post-17","page","type-page","status-publish","has-post-thumbnail","hentry"],"_links":{"self":[{"href":"https:\/\/evang-dornbirn.at\/Startseite\/wp-json\/wp\/v2\/pages\/17","targetHints":{"allow":["GET"]}}],"collection":[{"href":"https:\/\/evang-dornbirn.at\/Startseite\/wp-json\/wp\/v2\/pages"}],"about":[{"href":"https:\/\/evang-dornbirn.at\/Startseite\/wp-json\/wp\/v2\/types\/page"}],"author":[{"embeddable":true,"href":"https:\/\/evang-dornbirn.at\/Startseite\/wp-json\/wp\/v2\/users\/1"}],"replies":[{"embeddable":true,"href":"https:\/\/evang-dornbirn.at\/Startseite\/wp-json\/wp\/v2\/comments?post=17"}],"version-history":[{"count":9,"href":"https:\/\/evang-dornbirn.at\/Startseite\/wp-json\/wp\/v2\/pages\/17\/revisions"}],"predecessor-version":[{"id":615,"href":"https:\/\/evang-dornbirn.at\/Startseite\/wp-json\/wp\/v2\/pages\/17\/revisions\/615"}],"wp:featuredmedia":[{"embeddable":true,"href":"https:\/\/evang-dornbirn.at\/Startseite\/wp-json\/wp\/v2\/media\/391"}],"wp:attachment":[{"href":"https:\/\/evang-dornbirn.at\/Startseite\/wp-json\/wp\/v2\/media?parent=17"}],"curies":[{"name":"wp","href":"https:\/\/api.w.org\/{rel}","templated":true}]}}